{"id":1034,"date":"2025-05-05T05:37:50","date_gmt":"2025-05-05T05:37:50","guid":{"rendered":"https:\/\/empowermigrantwomen.eu\/politique-de-confidentialite"},"modified":"2025-07-15T11:00:16","modified_gmt":"2025-07-15T11:00:16","slug":"politique-de-confidentialite","status":"publish","type":"page","link":"https:\/\/empowermigrantwomen.eu\/fr\/politique-de-confidentialite","title":{"rendered":"Politique de confidentialit\u00e9"},"content":{"rendered":"\t\t<div data-elementor-type=\"wp-page\" data-elementor-id=\"1034\" class=\"elementor elementor-1034 elementor-577\" data-elementor-post-type=\"page\">\n\t\t\t\t<div data-dce-background-image-url=\"https:\/\/empowermigrantwomen.eu\/wp-content\/uploads\/2025\/04\/EmpHer-NewsPath.svg\" class=\"elementor-element elementor-element-1d60a47 e-flex e-con-boxed e-con e-parent\" data-id=\"1d60a47\" data-element_type=\"container\" data-e-type=\"container\" data-settings=\"{&quot;background_background&quot;:&quot;classic&quot;}\">\n\t\t\t\t\t<div class=\"e-con-inner\">\n\t\t<div class=\"elementor-element elementor-element-9ee714f e-con-full e-flex e-con e-child\" data-id=\"9ee714f\" data-element_type=\"container\" data-e-type=\"container\">\n\t\t\t\t<div class=\"elementor-element elementor-element-5d22ea7 elementor-widget elementor-widget-text-editor\" data-id=\"5d22ea7\" data-element_type=\"widget\" data-e-type=\"widget\" data-widget_type=\"text-editor.default\">\n\t\t\t\t<div class=\"elementor-widget-container\">\n\t\t\t\t\t\t\t\t\t<div class=\"elementor-element elementor-element-c8f0f27 elementor-widget elementor-widget-text-editor\" data-id=\"c8f0f27\" data-element_type=\"widget\" data-widget_type=\"text-editor.default\"><div class=\"elementor-widget-container\"><p>Chez <b>EmpowerHer <\/b>nous prenons tr\u00e8s au s\u00e9rieux la protection de vos donn\u00e9es personnelles. Notre objectif est de prot\u00e9ger la confidentialit\u00e9 des donn\u00e9es que vous nous fournissez et de nous conformer \u00e0 la r\u00e9glementation en vigueur en mati\u00e8re de protection des donn\u00e9es personnelles. <\/p><p>Conform\u00e9ment \u00e0 la loi 3\/2018 du 5 d\u00e9cembre sur la protection des donn\u00e9es personnelles et la garantie des droits num\u00e9riques transposant le r\u00e8glement (UE) 2016\/679, nous vous informons des informations suivantes sur notre politique de confidentialit\u00e9 et de protection des donn\u00e9es:<\/p><\/div><\/div>\t\t\t\t\t\t\t\t<\/div>\n\t\t\t\t<\/div>\n\t\t\t\t<\/div>\n\t\t<div class=\"elementor-element elementor-element-d0736bd e-con-full e-flex e-con e-child\" data-id=\"d0736bd\" data-element_type=\"container\" data-e-type=\"container\">\n\t\t\t\t<div class=\"elementor-element elementor-element-e39b42c elementor-widget__width-initial elementor-widget elementor-widget-heading\" data-id=\"e39b42c\" data-element_type=\"widget\" data-e-type=\"widget\" data-widget_type=\"heading.default\">\n\t\t\t\t<div class=\"elementor-widget-container\">\n\t\t\t\t\t<h2 class=\"elementor-heading-title elementor-size-default\">Qui est le responsable du traitement de vos donn\u00e9es?<\/h2>\t\t\t\t<\/div>\n\t\t\t\t<\/div>\n\t\t\t\t<div class=\"elementor-element elementor-element-4f76f2f elementor-widget elementor-widget-text-editor\" data-id=\"4f76f2f\" data-element_type=\"widget\" data-e-type=\"widget\" data-widget_type=\"text-editor.default\">\n\t\t\t\t<div class=\"elementor-widget-container\">\n\t\t\t\t\t\t\t\t\t<p>L\u2019organisation responsable de vos donn\u00e9es est <strong>Wisamar Bildungsgesellschaft gemeinn\u00fctzige GmbH<\/strong>. Il s&rsquo;agit d&rsquo;une entreprise sociale situ\u00e9e \u00e0 Leipzig, en Allemagne. <\/p>\t\t\t\t\t\t\t\t<\/div>\n\t\t\t\t<\/div>\n\t\t<div class=\"elementor-element elementor-element-0c853be e-con-full e-flex e-con e-child\" data-id=\"0c853be\" data-element_type=\"container\" data-e-type=\"container\">\n\t\t<div class=\"elementor-element elementor-element-7be30dd e-con-full e-flex e-con e-child\" data-id=\"7be30dd\" data-element_type=\"container\" data-e-type=\"container\" data-settings=\"{&quot;background_background&quot;:&quot;classic&quot;}\">\n\t\t\t\t<div data-dce-title-color=\"#FFFFFF\" data-dce-advanced-background-color=\"#462552\" class=\"elementor-element elementor-element-6231262 elementor-widget__width-initial elementor-widget elementor-widget-heading\" data-id=\"6231262\" data-element_type=\"widget\" data-e-type=\"widget\" data-widget_type=\"heading.default\">\n\t\t\t\t<div class=\"elementor-widget-container\">\n\t\t\t\t\t<div class=\"elementor-heading-title elementor-size-default\">Adresse<\/div>\t\t\t\t<\/div>\n\t\t\t\t<\/div>\n\t\t\t\t<div data-dce-title-color=\"#0A2829\" class=\"elementor-element elementor-element-c4b23fb elementor-widget__width-initial elementor-widget elementor-widget-heading\" data-id=\"c4b23fb\" data-element_type=\"widget\" data-e-type=\"widget\" data-widget_type=\"heading.default\">\n\t\t\t\t<div class=\"elementor-widget-container\">\n\t\t\t\t\t<div class=\"elementor-heading-title elementor-size-default\">Heinrichstr. 5-7 04317 Leipzig <\/div>\t\t\t\t<\/div>\n\t\t\t\t<\/div>\n\t\t\t\t<\/div>\n\t\t<div class=\"elementor-element elementor-element-b691062 e-con-full e-flex e-con e-child\" data-id=\"b691062\" data-element_type=\"container\" data-e-type=\"container\">\n\t\t\t\t<div data-dce-title-color=\"#FFFFFF\" data-dce-advanced-background-color=\"#462552\" class=\"elementor-element elementor-element-a5539da elementor-widget__width-initial elementor-widget elementor-widget-heading\" data-id=\"a5539da\" data-element_type=\"widget\" data-e-type=\"widget\" data-widget_type=\"heading.default\">\n\t\t\t\t<div class=\"elementor-widget-container\">\n\t\t\t\t\t<div class=\"elementor-heading-title elementor-size-default\">Contact par mail<\/div>\t\t\t\t<\/div>\n\t\t\t\t<\/div>\n\t\t\t\t<div data-dce-title-color=\"#0A2829\" class=\"elementor-element elementor-element-d53d218 elementor-widget__width-initial elementor-widget elementor-widget-heading\" data-id=\"d53d218\" data-element_type=\"widget\" data-e-type=\"widget\" data-widget_type=\"heading.default\">\n\t\t\t\t<div class=\"elementor-widget-container\">\n\t\t\t\t\t<div class=\"elementor-heading-title elementor-size-default\"><a href=\"mailto:info@wisamar.de\">info@wisamar.de<\/a><\/div>\t\t\t\t<\/div>\n\t\t\t\t<\/div>\n\t\t\t\t<\/div>\n\t\t<div class=\"elementor-element elementor-element-3bdb069 e-con-full e-flex e-con e-child\" data-id=\"3bdb069\" data-element_type=\"container\" data-e-type=\"container\" data-settings=\"{&quot;background_background&quot;:&quot;classic&quot;}\">\n\t\t\t\t<div data-dce-title-color=\"#FFFFFF\" data-dce-advanced-background-color=\"#462552\" class=\"elementor-element elementor-element-e3c8181 elementor-widget__width-initial elementor-widget elementor-widget-heading\" data-id=\"e3c8181\" data-element_type=\"widget\" data-e-type=\"widget\" data-widget_type=\"heading.default\">\n\t\t\t\t<div class=\"elementor-widget-container\">\n\t\t\t\t\t<div class=\"elementor-heading-title elementor-size-default\">T\u00e9l\u00e9phone<\/div>\t\t\t\t<\/div>\n\t\t\t\t<\/div>\n\t\t\t\t<div data-dce-title-color=\"#0A2829\" class=\"elementor-element elementor-element-eda6546 elementor-widget__width-initial elementor-widget elementor-widget-heading\" data-id=\"eda6546\" data-element_type=\"widget\" data-e-type=\"widget\" data-widget_type=\"heading.default\">\n\t\t\t\t<div class=\"elementor-widget-container\">\n\t\t\t\t\t<div class=\"elementor-heading-title elementor-size-default\">0049 341 51999555<\/div>\t\t\t\t<\/div>\n\t\t\t\t<\/div>\n\t\t\t\t<\/div>\n\t\t\t\t<\/div>\n\t\t\t\t<\/div>\n\t\t<div class=\"elementor-element elementor-element-c29291b e-con-full e-flex e-con e-child\" data-id=\"c29291b\" data-element_type=\"container\" data-e-type=\"container\">\n\t\t\t\t<div class=\"elementor-element elementor-element-4656125 elementor-widget__width-initial elementor-widget elementor-widget-heading\" data-id=\"4656125\" data-element_type=\"widget\" data-e-type=\"widget\" data-widget_type=\"heading.default\">\n\t\t\t\t<div class=\"elementor-widget-container\">\n\t\t\t\t\t<h2 class=\"elementor-heading-title elementor-size-default\">Quel est l'objectif du traitement?<\/h2>\t\t\t\t<\/div>\n\t\t\t\t<\/div>\n\t\t\t\t<div class=\"elementor-element elementor-element-f7a28ce elementor-widget elementor-widget-text-editor\" data-id=\"f7a28ce\" data-element_type=\"widget\" data-e-type=\"widget\" data-widget_type=\"text-editor.default\">\n\t\t\t\t<div class=\"elementor-widget-container\">\n\t\t\t\t\t\t\t\t\t<div class=\"elementor-element elementor-element-c8f0f27 elementor-widget elementor-widget-text-editor\" data-id=\"c8f0f27\" data-element_type=\"widget\" data-widget_type=\"text-editor.default\"><div class=\"elementor-widget-container\"><ul><li aria-level=\"1\">R\u00e9pondre aux demandes, plaintes et incidents transmis par le biais de nos canaux de contact incorpor\u00e9s dans le site web.<\/li><li aria-level=\"1\">Comprendre le comportement du navigateur dans le web afin de d\u00e9tecter d\u2019\u00e9ventuelles attaques informatiques sur notre web.<\/li><li aria-level=\"1\">Respecter les obligations l\u00e9gales qui nous sont directement applicables et qui r\u00e9glementent notre activit\u00e9.<\/li><li aria-level=\"1\">Prot\u00e9ger et exercer nos droits ou r\u00e9pondre \u00e0 des plaintes de toute nature.<\/li><li aria-level=\"1\">Envoi de bulletins d\u2019information concernant les biens ou services qui composent l\u2019activit\u00e9 du responsable ou des nouvelles li\u00e9es \u00e0 son activit\u00e9.<\/li><\/ul><\/div><\/div>\t\t\t\t\t\t\t\t<\/div>\n\t\t\t\t<\/div>\n\t\t\t\t<\/div>\n\t\t<div class=\"elementor-element elementor-element-5c48ab3 e-con-full e-flex e-con e-child\" data-id=\"5c48ab3\" data-element_type=\"container\" data-e-type=\"container\">\n\t\t\t\t<div class=\"elementor-element elementor-element-f7fbe5d elementor-widget__width-initial elementor-widget elementor-widget-heading\" data-id=\"f7fbe5d\" data-element_type=\"widget\" data-e-type=\"widget\" data-widget_type=\"heading.default\">\n\t\t\t\t<div class=\"elementor-widget-container\">\n\t\t\t\t\t<h2 class=\"elementor-heading-title elementor-size-default\">Quelle est la base juridique du traitement?<\/h2>\t\t\t\t<\/div>\n\t\t\t\t<\/div>\n\t\t\t\t<div class=\"elementor-element elementor-element-50b203f elementor-widget elementor-widget-text-editor\" data-id=\"50b203f\" data-element_type=\"widget\" data-e-type=\"widget\" data-widget_type=\"text-editor.default\">\n\t\t\t\t<div class=\"elementor-widget-container\">\n\t\t\t\t\t\t\t\t\t<div class=\"elementor-element elementor-element-c8f0f27 elementor-widget elementor-widget-text-editor\" data-id=\"c8f0f27\" data-element_type=\"widget\" data-widget_type=\"text-editor.default\"><div class=\"elementor-widget-container\"><p>La base juridique du traitement de vos donn\u00e9es est le consentement de la personne concern\u00e9e en vertu de l\u2019article 6.1 a) du r\u00e8glement, ainsi que l\u2019int\u00e9r\u00eat l\u00e9gitime du responsable du traitement en vertu de l\u2019article 6.1 f) du r\u00e8glement.<\/p><p>Les donn\u00e9es que nous vous demandons sont ad\u00e9quates, pertinentes et strictement n\u00e9cessaires et en aucun cas vous n\u2019\u00eates oblig\u00e9 de nous les fournir, mais leur non-communication peut affecter la finalit\u00e9 du service ou l\u2019impossibilit\u00e9 de le fournir.<\/p><\/div><\/div>\t\t\t\t\t\t\t\t<\/div>\n\t\t\t\t<\/div>\n\t\t\t\t<\/div>\n\t\t<div class=\"elementor-element elementor-element-73c71b4 e-con-full e-flex e-con e-child\" data-id=\"73c71b4\" data-element_type=\"container\" data-e-type=\"container\">\n\t\t\t\t<div class=\"elementor-element elementor-element-3fb1ecb elementor-widget__width-initial elementor-widget elementor-widget-heading\" data-id=\"3fb1ecb\" data-element_type=\"widget\" data-e-type=\"widget\" data-widget_type=\"heading.default\">\n\t\t\t\t<div class=\"elementor-widget-container\">\n\t\t\t\t\t<h2 class=\"elementor-heading-title elementor-size-default\">Pendant combien de temps conservons-nous vos donn\u00e9es?<\/h2>\t\t\t\t<\/div>\n\t\t\t\t<\/div>\n\t\t\t\t<div class=\"elementor-element elementor-element-5e6c442 elementor-widget elementor-widget-text-editor\" data-id=\"5e6c442\" data-element_type=\"widget\" data-e-type=\"widget\" data-widget_type=\"text-editor.default\">\n\t\t\t\t<div class=\"elementor-widget-container\">\n\t\t\t\t\t\t\t\t\t<div class=\"elementor-element elementor-element-c8f0f27 elementor-widget elementor-widget-text-editor\" data-id=\"c8f0f27\" data-element_type=\"widget\" data-widget_type=\"text-editor.default\"><div class=\"elementor-widget-container\"><p>Vos donn\u00e9es seront conserv\u00e9es pendant la dur\u00e9e n\u00e9cessaire \u00e0 la bonne prestation du service offert, ainsi que pour faire face aux responsabilit\u00e9s qui peuvent en d\u00e9couler et \u00e0 toute autre exigence l\u00e9gale.<\/p><\/div><\/div>\t\t\t\t\t\t\t\t<\/div>\n\t\t\t\t<\/div>\n\t\t\t\t<\/div>\n\t\t<div class=\"elementor-element elementor-element-6c2f2b2 e-con-full e-flex e-con e-child\" data-id=\"6c2f2b2\" data-element_type=\"container\" data-e-type=\"container\">\n\t\t\t\t<div class=\"elementor-element elementor-element-5e323f6 elementor-widget__width-initial elementor-widget elementor-widget-heading\" data-id=\"5e323f6\" data-element_type=\"widget\" data-e-type=\"widget\" data-widget_type=\"heading.default\">\n\t\t\t\t<div class=\"elementor-widget-container\">\n\t\t\t\t\t<h2 class=\"elementor-heading-title elementor-size-default\">Quels sont les destinataires qui recevront vos donn\u00e9es?<\/h2>\t\t\t\t<\/div>\n\t\t\t\t<\/div>\n\t\t\t\t<div class=\"elementor-element elementor-element-edd9a5b elementor-widget elementor-widget-text-editor\" data-id=\"edd9a5b\" data-element_type=\"widget\" data-e-type=\"widget\" data-widget_type=\"text-editor.default\">\n\t\t\t\t<div class=\"elementor-widget-container\">\n\t\t\t\t\t\t\t\t\t<div class=\"elementor-element elementor-element-c8f0f27 elementor-widget elementor-widget-text-editor\" data-id=\"c8f0f27\" data-element_type=\"widget\" data-widget_type=\"text-editor.default\"><div class=\"elementor-widget-container\"><p>Dans le cadre du traitement de vos donn\u00e9es, Wisamar Bildungsgesellschaft gemeinn\u00fctzige GmbH peut partager vos donn\u00e9es avec:<\/p><p>On Projects Advising SL, en tant que prestataires de services de gestion et de maintenance de sites web.<\/p><\/div><\/div>\t\t\t\t\t\t\t\t<\/div>\n\t\t\t\t<\/div>\n\t\t\t\t<\/div>\n\t\t<div class=\"elementor-element elementor-element-481b13f e-con-full e-flex e-con e-child\" data-id=\"481b13f\" data-element_type=\"container\" data-e-type=\"container\">\n\t\t\t\t<div class=\"elementor-element elementor-element-b836e69 elementor-widget__width-initial elementor-widget elementor-widget-heading\" data-id=\"b836e69\" data-element_type=\"widget\" data-e-type=\"widget\" data-widget_type=\"heading.default\">\n\t\t\t\t<div class=\"elementor-widget-container\">\n\t\t\t\t\t<h2 class=\"elementor-heading-title elementor-size-default\">Quels sont mes droits?<\/h2>\t\t\t\t<\/div>\n\t\t\t\t<\/div>\n\t\t\t\t<div class=\"elementor-element elementor-element-a6454ca elementor-widget elementor-widget-text-editor\" data-id=\"a6454ca\" data-element_type=\"widget\" data-e-type=\"widget\" data-widget_type=\"text-editor.default\">\n\t\t\t\t<div class=\"elementor-widget-container\">\n\t\t\t\t\t\t\t\t\t<div class=\"elementor-element elementor-element-c8f0f27 elementor-widget elementor-widget-text-editor\" data-id=\"c8f0f27\" data-element_type=\"widget\" data-widget_type=\"text-editor.default\"><div class=\"elementor-widget-container\"><ul><li>Droit d\u2019acc\u00e8s: le droit d\u2019obtenir la confirmation que des donn\u00e9es personnelles sont trait\u00e9es, ainsi que le droit d\u2019acc\u00e8s \u00e0 ces donn\u00e9es.<\/li><li>Droit de rectification des donn\u00e9es personnelles.<\/li><li>Droit \u00e0 l\u2019effacement<\/li><li>Droit \u00e0 la limitation du traitement<\/li><li>Droit \u00e0 la portabilit\u00e9 des donn\u00e9es<\/li><li>Droit d\u2019opposition: le droit de s\u2019opposer au traitement des donn\u00e9es.<\/li><\/ul><\/div><\/div>\t\t\t\t\t\t\t\t<\/div>\n\t\t\t\t<\/div>\n\t\t\t\t<div class=\"elementor-element elementor-element-495176a elementor-widget elementor-widget-text-editor\" data-id=\"495176a\" data-element_type=\"widget\" data-e-type=\"widget\" data-widget_type=\"text-editor.default\">\n\t\t\t\t<div class=\"elementor-widget-container\">\n\t\t\t\t\t\t\t\t\t<p>Le responsable du traitement conserve le droit de restreindre les droits \u00e9nonc\u00e9s \u00e0 l\u2019article 23 du r\u00e8glement de l\u2019UE, si cette restriction est pr\u00e9vue pour sauvegarder, en particulier, les droits et libert\u00e9s fondamentaux et constitue une mesure n\u00e9cessaire et proportionn\u00e9e.<\/p>\t\t\t\t\t\t\t\t<\/div>\n\t\t\t\t<\/div>\n\t\t\t\t<\/div>\n\t\t<div class=\"elementor-element elementor-element-e57ba28 e-con-full e-flex e-con e-child\" data-id=\"e57ba28\" data-element_type=\"container\" data-e-type=\"container\">\n\t\t\t\t<div class=\"elementor-element elementor-element-20c9fe5 elementor-widget__width-initial elementor-widget elementor-widget-heading\" data-id=\"20c9fe5\" data-element_type=\"widget\" data-e-type=\"widget\" data-widget_type=\"heading.default\">\n\t\t\t\t<div class=\"elementor-widget-container\">\n\t\t\t\t\t<h2 class=\"elementor-heading-title elementor-size-default\">O\u00f9 puis-je d\u00e9poser une plainte ?<\/h2>\t\t\t\t<\/div>\n\t\t\t\t<\/div>\n\t\t\t\t<div class=\"elementor-element elementor-element-96484ea elementor-widget elementor-widget-text-editor\" data-id=\"96484ea\" data-element_type=\"widget\" data-e-type=\"widget\" data-widget_type=\"text-editor.default\">\n\t\t\t\t<div class=\"elementor-widget-container\">\n\t\t\t\t\t\t\t\t\t<p>Si une partie int\u00e9ress\u00e9e estime que ses donn\u00e9es ne sont pas trait\u00e9es correctement, elle peut envoyer ses plaintes \u00e0 l\u2019adresse \u00e9lectronique suivante; <strong><a href=\"mailto:info@wisamar.de\">info@wisamar.de<\/a><\/strong><\/p><p>La personne concern\u00e9e d\u00e9clare avoir acquis toutes ces informations.<\/p>\t\t\t\t\t\t\t\t<\/div>\n\t\t\t\t<\/div>\n\t\t\t\t<\/div>\n\t\t\t\t\t<\/div>\n\t\t\t\t<\/div>\n\t\t\t\t<\/div>\n\t\t","protected":false},"excerpt":{"rendered":"<p>Chez EmpowerHer nous prenons tr\u00e8s au s\u00e9rieux la protection de vos donn\u00e9es personnelles. Notre objectif est de prot\u00e9ger la confidentialit\u00e9 des donn\u00e9es que vous nous fournissez et de nous conformer \u00e0 la r\u00e9glementation en vigueur en mati\u00e8re de protection des donn\u00e9es personnelles. Conform\u00e9ment \u00e0 la loi 3\/2018 du 5 d\u00e9cembre sur la protection des donn\u00e9es [&hellip;]<\/p>\n","protected":false},"author":1,"featured_media":0,"parent":0,"menu_order":0,"comment_status":"closed","ping_status":"closed","template":"elementor_header_footer","meta":{"_eb_attr":"","footnotes":""},"class_list":["post-1034","page","type-page","status-publish","hentry"],"yoast_head":"<!-- This site is optimized with the Yoast SEO plugin v27.4 - https:\/\/yoast.com\/product\/yoast-seo-wordpress\/ -->\n<title>Politique de confidentialit\u00e9 - EmpowerHer<\/title>\n<meta name=\"robots\" content=\"index, follow, max-snippet:-1, max-image-preview:large, max-video-preview:-1\" \/>\n<link rel=\"canonical\" href=\"https:\/\/empowermigrantwomen.eu\/privacy-policy\" \/>\n<meta property=\"og:locale\" content=\"fr_FR\" \/>\n<meta property=\"og:type\" content=\"article\" \/>\n<meta property=\"og:title\" content=\"Politique de confidentialit\u00e9 - EmpowerHer\" \/>\n<meta property=\"og:description\" content=\"Chez EmpowerHer nous prenons tr\u00e8s au s\u00e9rieux la protection de vos donn\u00e9es personnelles. Notre objectif est de prot\u00e9ger la confidentialit\u00e9 des donn\u00e9es que vous nous fournissez et de nous conformer \u00e0 la r\u00e9glementation en vigueur en mati\u00e8re de protection des donn\u00e9es personnelles. Conform\u00e9ment \u00e0 la loi 3\/2018 du 5 d\u00e9cembre sur la protection des donn\u00e9es [&hellip;]\" \/>\n<meta property=\"og:url\" content=\"https:\/\/empowermigrantwomen.eu\/privacy-policy\" \/>\n<meta property=\"og:site_name\" content=\"EmpowerHer\" \/>\n<meta property=\"article:modified_time\" content=\"2025-07-15T11:00:16+00:00\" \/>\n<meta name=\"twitter:card\" content=\"summary_large_image\" \/>\n<meta name=\"twitter:label1\" content=\"Dur\u00e9e de lecture estim\u00e9e\" \/>\n\t<meta name=\"twitter:data1\" content=\"3 minutes\" \/>\n<script type=\"application\/ld+json\" class=\"yoast-schema-graph\">{\"@context\":\"https:\\\/\\\/schema.org\",\"@graph\":[{\"@type\":\"WebPage\",\"@id\":\"https:\\\/\\\/empowermigrantwomen.eu\\\/privacy-policy\",\"url\":\"https:\\\/\\\/empowermigrantwomen.eu\\\/privacy-policy\",\"name\":\"Politique de confidentialit\u00e9 - EmpowerHer\",\"isPartOf\":{\"@id\":\"https:\\\/\\\/empowermigrantwomen.eu\\\/fr\\\/#website\"},\"datePublished\":\"2025-05-05T05:37:50+00:00\",\"dateModified\":\"2025-07-15T11:00:16+00:00\",\"breadcrumb\":{\"@id\":\"https:\\\/\\\/empowermigrantwomen.eu\\\/privacy-policy#breadcrumb\"},\"inLanguage\":\"fr-FR\",\"potentialAction\":[{\"@type\":\"ReadAction\",\"target\":[\"https:\\\/\\\/empowermigrantwomen.eu\\\/privacy-policy\"]}]},{\"@type\":\"BreadcrumbList\",\"@id\":\"https:\\\/\\\/empowermigrantwomen.eu\\\/privacy-policy#breadcrumb\",\"itemListElement\":[{\"@type\":\"ListItem\",\"position\":1,\"name\":\"Home\",\"item\":\"https:\\\/\\\/empowermigrantwomen.eu\\\/fr\"},{\"@type\":\"ListItem\",\"position\":2,\"name\":\"Politique de confidentialit\u00e9\"}]},{\"@type\":\"WebSite\",\"@id\":\"https:\\\/\\\/empowermigrantwomen.eu\\\/fr\\\/#website\",\"url\":\"https:\\\/\\\/empowermigrantwomen.eu\\\/fr\\\/\",\"name\":\"EmpowerHer\",\"description\":\"\",\"publisher\":{\"@id\":\"https:\\\/\\\/empowermigrantwomen.eu\\\/fr\\\/#organization\"},\"potentialAction\":[{\"@type\":\"SearchAction\",\"target\":{\"@type\":\"EntryPoint\",\"urlTemplate\":\"https:\\\/\\\/empowermigrantwomen.eu\\\/fr\\\/?s={search_term_string}\"},\"query-input\":{\"@type\":\"PropertyValueSpecification\",\"valueRequired\":true,\"valueName\":\"search_term_string\"}}],\"inLanguage\":\"fr-FR\"},{\"@type\":\"Organization\",\"@id\":\"https:\\\/\\\/empowermigrantwomen.eu\\\/fr\\\/#organization\",\"name\":\"EmpowerHer\",\"url\":\"https:\\\/\\\/empowermigrantwomen.eu\\\/fr\\\/\",\"logo\":{\"@type\":\"ImageObject\",\"inLanguage\":\"fr-FR\",\"@id\":\"https:\\\/\\\/empowermigrantwomen.eu\\\/fr\\\/#\\\/schema\\\/logo\\\/image\\\/\",\"url\":\"https:\\\/\\\/empowermigrantwomen.eu\\\/wp-content\\\/uploads\\\/2025\\\/04\\\/EmpowerHer-horizontal-logo.png\",\"contentUrl\":\"https:\\\/\\\/empowermigrantwomen.eu\\\/wp-content\\\/uploads\\\/2025\\\/04\\\/EmpowerHer-horizontal-logo.png\",\"width\":4096,\"height\":1543,\"caption\":\"EmpowerHer\"},\"image\":{\"@id\":\"https:\\\/\\\/empowermigrantwomen.eu\\\/fr\\\/#\\\/schema\\\/logo\\\/image\\\/\"}}]}<\/script>\n<!-- \/ Yoast SEO plugin. -->","yoast_head_json":{"title":"Politique de confidentialit\u00e9 - EmpowerHer","robots":{"index":"index","follow":"follow","max-snippet":"max-snippet:-1","max-image-preview":"max-image-preview:large","max-video-preview":"max-video-preview:-1"},"canonical":"https:\/\/empowermigrantwomen.eu\/privacy-policy","og_locale":"fr_FR","og_type":"article","og_title":"Politique de confidentialit\u00e9 - EmpowerHer","og_description":"Chez EmpowerHer nous prenons tr\u00e8s au s\u00e9rieux la protection de vos donn\u00e9es personnelles. Notre objectif est de prot\u00e9ger la confidentialit\u00e9 des donn\u00e9es que vous nous fournissez et de nous conformer \u00e0 la r\u00e9glementation en vigueur en mati\u00e8re de protection des donn\u00e9es personnelles. Conform\u00e9ment \u00e0 la loi 3\/2018 du 5 d\u00e9cembre sur la protection des donn\u00e9es [&hellip;]","og_url":"https:\/\/empowermigrantwomen.eu\/privacy-policy","og_site_name":"EmpowerHer","article_modified_time":"2025-07-15T11:00:16+00:00","twitter_card":"summary_large_image","twitter_misc":{"Dur\u00e9e de lecture estim\u00e9e":"3 minutes"},"schema":{"@context":"https:\/\/schema.org","@graph":[{"@type":"WebPage","@id":"https:\/\/empowermigrantwomen.eu\/privacy-policy","url":"https:\/\/empowermigrantwomen.eu\/privacy-policy","name":"Politique de confidentialit\u00e9 - EmpowerHer","isPartOf":{"@id":"https:\/\/empowermigrantwomen.eu\/fr\/#website"},"datePublished":"2025-05-05T05:37:50+00:00","dateModified":"2025-07-15T11:00:16+00:00","breadcrumb":{"@id":"https:\/\/empowermigrantwomen.eu\/privacy-policy#breadcrumb"},"inLanguage":"fr-FR","potentialAction":[{"@type":"ReadAction","target":["https:\/\/empowermigrantwomen.eu\/privacy-policy"]}]},{"@type":"BreadcrumbList","@id":"https:\/\/empowermigrantwomen.eu\/privacy-policy#breadcrumb","itemListElement":[{"@type":"ListItem","position":1,"name":"Home","item":"https:\/\/empowermigrantwomen.eu\/fr"},{"@type":"ListItem","position":2,"name":"Politique de confidentialit\u00e9"}]},{"@type":"WebSite","@id":"https:\/\/empowermigrantwomen.eu\/fr\/#website","url":"https:\/\/empowermigrantwomen.eu\/fr\/","name":"EmpowerHer","description":"","publisher":{"@id":"https:\/\/empowermigrantwomen.eu\/fr\/#organization"},"potentialAction":[{"@type":"SearchAction","target":{"@type":"EntryPoint","urlTemplate":"https:\/\/empowermigrantwomen.eu\/fr\/?s={search_term_string}"},"query-input":{"@type":"PropertyValueSpecification","valueRequired":true,"valueName":"search_term_string"}}],"inLanguage":"fr-FR"},{"@type":"Organization","@id":"https:\/\/empowermigrantwomen.eu\/fr\/#organization","name":"EmpowerHer","url":"https:\/\/empowermigrantwomen.eu\/fr\/","logo":{"@type":"ImageObject","inLanguage":"fr-FR","@id":"https:\/\/empowermigrantwomen.eu\/fr\/#\/schema\/logo\/image\/","url":"https:\/\/empowermigrantwomen.eu\/wp-content\/uploads\/2025\/04\/EmpowerHer-horizontal-logo.png","contentUrl":"https:\/\/empowermigrantwomen.eu\/wp-content\/uploads\/2025\/04\/EmpowerHer-horizontal-logo.png","width":4096,"height":1543,"caption":"EmpowerHer"},"image":{"@id":"https:\/\/empowermigrantwomen.eu\/fr\/#\/schema\/logo\/image\/"}}]}},"_links":{"self":[{"href":"https:\/\/empowermigrantwomen.eu\/fr\/wp-json\/wp\/v2\/pages\/1034","targetHints":{"allow":["GET"]}}],"collection":[{"href":"https:\/\/empowermigrantwomen.eu\/fr\/wp-json\/wp\/v2\/pages"}],"about":[{"href":"https:\/\/empowermigrantwomen.eu\/fr\/wp-json\/wp\/v2\/types\/page"}],"author":[{"embeddable":true,"href":"https:\/\/empowermigrantwomen.eu\/fr\/wp-json\/wp\/v2\/users\/1"}],"replies":[{"embeddable":true,"href":"https:\/\/empowermigrantwomen.eu\/fr\/wp-json\/wp\/v2\/comments?post=1034"}],"version-history":[{"count":1,"href":"https:\/\/empowermigrantwomen.eu\/fr\/wp-json\/wp\/v2\/pages\/1034\/revisions"}],"predecessor-version":[{"id":1035,"href":"https:\/\/empowermigrantwomen.eu\/fr\/wp-json\/wp\/v2\/pages\/1034\/revisions\/1035"}],"wp:attachment":[{"href":"https:\/\/empowermigrantwomen.eu\/fr\/wp-json\/wp\/v2\/media?parent=1034"}],"curies":[{"name":"wp","href":"https:\/\/api.w.org\/{rel}","templated":true}]}}